{"id":1031,"date":"2024-12-19T14:01:38","date_gmt":"2024-12-19T12:01:38","guid":{"rendered":"https:\/\/artemisiavet.de\/?page_id=1031"},"modified":"2024-12-19T14:02:34","modified_gmt":"2024-12-19T12:02:34","slug":"fallbeispiel-leishmaniose-hund-4","status":"publish","type":"page","link":"https:\/\/artemisiavet.de\/index.php\/results\/publications\/leishmaniose-beim-hund\/fallbeispiel-leishmaniose-hund-4\/","title":{"rendered":"Fallbeispiel Leishmaniose Hund 4"},"content":{"rendered":"\n<p><strong><strong>Familie D. schrieb:<br><\/strong><\/strong>Betreff: Produkt\u00a0<a href=\"https:\/\/lupovet.de\/luparte-2.0\/v712art450\" target=\"_blank\" rel=\"noreferrer noopener\">LupArte 2.0<\/a><br>Wir setzen Ihr Produkt seit \u00fcber 6 Jahren bei unseren beiden M\u00e4dchen (jeweils 8 Jahre, Anatolische Hirtenhunde) ein. Beide haben Leishmaniose. Bei der einen konnte es \u00fcber das Blut bestimmt werden und bei der anderen nur \u00fcber eine Hautbiopsi am Ohr.<br>Wir sind auf Grund der Tier\u00e4rztin Frau Dr. H. auf Ihr Produkt hingewiesen worden. Hinzuf\u00fcgen sollten wir die Tinktur Karde (Kardepflanze). Das Medikament Allopurinol haben beide in der Anfangszeit der Behandlung nicht vertragen und der Tita-Wert ist stark gestiegen. Dank\u00a0<a href=\"https:\/\/lupovet.de\/luparte-2.0\/v712art450\" target=\"_blank\" rel=\"noreferrer noopener\">LupoArt 2.0<\/a> und evtl. auf der Tinktur sind die Werte seit Jahren stark gefallen und heute liegt der Tita-Wert unter \u201e12\u201c.<br>Den beiden M\u00e4dels geht es gut soweit, die Krankheit selber ist nicht erkennbar und wir haben die Krankheit sehr gut im Griff. Auf Grund von Stresssituationen kann es schon mal sein, dass Sie wieder einen Schub der Leishmaniose bekommen, das ist aber \u00e4usserts selten. <\/p>\n","protected":false},"excerpt":{"rendered":"<p>Familie D. schrieb:Betreff: Produkt\u00a0LupArte 2.0Wir setzen Ihr Produkt seit \u00fcber 6 Jahren bei unseren beiden M\u00e4dchen (jeweils 8 Jahre, Anatolische Hirtenhunde) ein. Beide haben Leishmaniose. Bei der einen konnte es \u00fcber das Blut bestimmt werden und bei der anderen nur \u00fcber eine Hautbiopsi am Ohr.Wir sind auf Grund der Tier\u00e4rztin&#8230;<\/p>\n<p> <a class=\"continue-reading-link\" href=\"https:\/\/artemisiavet.de\/index.php\/results\/publications\/leishmaniose-beim-hund\/fallbeispiel-leishmaniose-hund-4\/\"><span>Continue reading<\/span><i class=\"crycon-right-dir\"><\/i><\/a> <\/p>\n","protected":false},"author":3,"featured_media":0,"parent":197,"menu_order":4,"comment_status":"closed","ping_status":"closed","template":"templates\/template-onecolumn.php","meta":{"_monsterinsights_skip_tracking":false,"_monsterinsights_sitenote_active":false,"_monsterinsights_sitenote_note":"","_monsterinsights_sitenote_category":0,"footnotes":""},"class_list":["post-1031","page","type-page","status-publish","hentry"],"_links":{"self":[{"href":"https:\/\/artemisiavet.de\/index.php\/wp-json\/wp\/v2\/pages\/1031","targetHints":{"allow":["GET"]}}],"collection":[{"href":"https:\/\/artemisiavet.de\/index.php\/wp-json\/wp\/v2\/pages"}],"about":[{"href":"https:\/\/artemisiavet.de\/index.php\/wp-json\/wp\/v2\/types\/page"}],"author":[{"embeddable":true,"href":"https:\/\/artemisiavet.de\/index.php\/wp-json\/wp\/v2\/users\/3"}],"replies":[{"embeddable":true,"href":"https:\/\/artemisiavet.de\/index.php\/wp-json\/wp\/v2\/comments?post=1031"}],"version-history":[{"count":1,"href":"https:\/\/artemisiavet.de\/index.php\/wp-json\/wp\/v2\/pages\/1031\/revisions"}],"predecessor-version":[{"id":1032,"href":"https:\/\/artemisiavet.de\/index.php\/wp-json\/wp\/v2\/pages\/1031\/revisions\/1032"}],"up":[{"embeddable":true,"href":"https:\/\/artemisiavet.de\/index.php\/wp-json\/wp\/v2\/pages\/197"}],"wp:attachment":[{"href":"https:\/\/artemisiavet.de\/index.php\/wp-json\/wp\/v2\/media?parent=1031"}],"curies":[{"name":"wp","href":"https:\/\/api.w.org\/{rel}","templated":true}]}}