{"id":1076,"date":"2025-09-08T10:35:13","date_gmt":"2025-09-08T08:35:13","guid":{"rendered":"https:\/\/artemisiavet.de\/?page_id=1076"},"modified":"2025-09-08T11:08:42","modified_gmt":"2025-09-08T09:08:42","slug":"fallbeispiel-5","status":"publish","type":"page","link":"https:\/\/artemisiavet.de\/index.php\/results\/publications\/leishmaniose-beim-hund\/fallbeispiel-5\/","title":{"rendered":"Fallbeispiel Leishmaniose Hund Bobo"},"content":{"rendered":"\n<p class=\"has-text-align-center\"><\/p>\n\n\n\n\n\n\n<div style=\"height:31px\" aria-hidden=\"true\" class=\"wp-block-spacer\"><\/div>\n\n\n\n<p>&nbsp;Sehr geehrtes Team von LupoVet,<\/p>\n\n\n\n<p>heut schicke ich Ihnen, wie von der sehr netten Dame angesprochen, die mich wie immer, kompetent und ausf\u00fchrlich zu verschiedenen Nahrungserg\u00e4nzungsmitteln beraten hat, ein Foto von unserem Bobo, einem katalanischen H\u00fctehund -Podenco portugues Mischling,&nbsp; der seit seinem 3.Lebensjahr an Leishmaniose erkrankt ist .Nachdem ich mehrfach allerbestens von Herrn Dr.Breuer sehr ausf\u00fchrlich zum allgemeinen Thema und deren Unterst\u00fctzung mit LupArte2.0&nbsp; beraten\/unterrichtet wurde, lebt Bobo seit nun gut seit mehr als 6 Jahren ohne Auff\u00e4lligkeiten\/ Sch\u00fcbe, die diese Erkrankung mit sich bringen kann. Aber zu allen medizinischen Erl\u00e4uterungen der Erkrankung wurde von Herrn Dr.Breuer auch ausf\u00fchrlich auf das urspr\u00fcngliche Leben dieser Hunde , ihrem Wesen und die Haltungsbedingungen im t\u00e4glichen Leben hingewiesen&#8230;..ein wichtiger Punkt&#8230;der auch Einfluss auf den Krankheitsverlauf haben kann.Einfach wunderbar&#8230;Ich bin sehr , sehr dankbar daf\u00fcr.<\/p>\n\n\n\n<p>Ein ganz sch\u00f6nes Wochenende mit viel Freude und Spa\u00df Ihnen Allen,<\/p>\n\n\n\n<p>herzliche Gr\u00fc\u00dfe&nbsp;<\/p>\n\n\n\n<p>Frau R. mit Bobo ..meiner spanischen Sonne \ud83c\udf1e \ud83c\udf1e&nbsp;<\/p>\n","protected":false},"excerpt":{"rendered":"<p>&nbsp;Sehr geehrtes Team von LupoVet, heut schicke ich Ihnen, wie von der sehr netten Dame angesprochen, die mich wie immer, kompetent und ausf\u00fchrlich zu verschiedenen Nahrungserg\u00e4nzungsmitteln beraten hat, ein Foto von unserem Bobo, einem katalanischen H\u00fctehund -Podenco portugues Mischling,&nbsp; der seit seinem 3.Lebensjahr an Leishmaniose erkrankt ist .Nachdem ich mehrfach&#8230;<\/p>\n<p> <a class=\"continue-reading-link\" href=\"https:\/\/artemisiavet.de\/index.php\/results\/publications\/leishmaniose-beim-hund\/fallbeispiel-5\/\"><span>Continue reading<\/span><i class=\"crycon-right-dir\"><\/i><\/a> <\/p>\n","protected":false},"author":3,"featured_media":0,"parent":197,"menu_order":5,"comment_status":"closed","ping_status":"closed","template":"templates\/template-onecolumn.php","meta":{"_monsterinsights_skip_tracking":false,"_monsterinsights_sitenote_active":false,"_monsterinsights_sitenote_note":"","_monsterinsights_sitenote_category":0,"footnotes":""},"class_list":["post-1076","page","type-page","status-publish","hentry"],"_links":{"self":[{"href":"https:\/\/artemisiavet.de\/index.php\/wp-json\/wp\/v2\/pages\/1076","targetHints":{"allow":["GET"]}}],"collection":[{"href":"https:\/\/artemisiavet.de\/index.php\/wp-json\/wp\/v2\/pages"}],"about":[{"href":"https:\/\/artemisiavet.de\/index.php\/wp-json\/wp\/v2\/types\/page"}],"author":[{"embeddable":true,"href":"https:\/\/artemisiavet.de\/index.php\/wp-json\/wp\/v2\/users\/3"}],"replies":[{"embeddable":true,"href":"https:\/\/artemisiavet.de\/index.php\/wp-json\/wp\/v2\/comments?post=1076"}],"version-history":[{"count":5,"href":"https:\/\/artemisiavet.de\/index.php\/wp-json\/wp\/v2\/pages\/1076\/revisions"}],"predecessor-version":[{"id":1084,"href":"https:\/\/artemisiavet.de\/index.php\/wp-json\/wp\/v2\/pages\/1076\/revisions\/1084"}],"up":[{"embeddable":true,"href":"https:\/\/artemisiavet.de\/index.php\/wp-json\/wp\/v2\/pages\/197"}],"wp:attachment":[{"href":"https:\/\/artemisiavet.de\/index.php\/wp-json\/wp\/v2\/media?parent=1076"}],"curies":[{"name":"wp","href":"https:\/\/api.w.org\/{rel}","templated":true}]}}