{"id":1110,"date":"2026-01-15T14:00:30","date_gmt":"2026-01-15T12:00:30","guid":{"rendered":"https:\/\/artemisiavet.de\/?page_id=1110"},"modified":"2026-01-16T10:54:40","modified_gmt":"2026-01-16T08:54:40","slug":"fallbeispiel-leishmaniose-6-nicola","status":"publish","type":"page","link":"https:\/\/artemisiavet.de\/index.php\/results\/publications\/leishmaniose-beim-hund\/fallbeispiel-leishmaniose-6-nicola\/","title":{"rendered":"Fallbeispiel Leishmaniose 6: Nicola"},"content":{"rendered":"\n\n\n\n<p>Die von Leishmaniose betroffene Malinois-H\u00fcndin Nicola lebt in Spanien. <\/p>\n\n\n\n<p>Schon nach einer 3w\u00f6chigen Behandlung mit LupArte2.0 haben sich die Hautproblematik mit typischer Brillenbildung und Nasenr\u00fcckenhaarausfall und der Titer deutlich reduziert.<\/p>\n\n\n\n<p><\/p>\n","protected":false},"excerpt":{"rendered":"<p>Die von Leishmaniose betroffene Malinois-H\u00fcndin Nicola lebt in Spanien. Schon nach einer 3w\u00f6chigen Behandlung mit LupArte2.0 haben sich die Hautproblematik mit typischer Brillenbildung und Nasenr\u00fcckenhaarausfall und der Titer deutlich reduziert.<\/p>\n<p> <a class=\"continue-reading-link\" href=\"https:\/\/artemisiavet.de\/index.php\/results\/publications\/leishmaniose-beim-hund\/fallbeispiel-leishmaniose-6-nicola\/\"><span>Continue reading<\/span><i class=\"crycon-right-dir\"><\/i><\/a> <\/p>\n","protected":false},"author":3,"featured_media":0,"parent":197,"menu_order":6,"comment_status":"closed","ping_status":"closed","template":"templates\/template-onecolumn.php","meta":{"_monsterinsights_skip_tracking":false,"_monsterinsights_sitenote_active":false,"_monsterinsights_sitenote_note":"","_monsterinsights_sitenote_category":0,"footnotes":""},"class_list":["post-1110","page","type-page","status-publish","hentry"],"_links":{"self":[{"href":"https:\/\/artemisiavet.de\/index.php\/wp-json\/wp\/v2\/pages\/1110","targetHints":{"allow":["GET"]}}],"collection":[{"href":"https:\/\/artemisiavet.de\/index.php\/wp-json\/wp\/v2\/pages"}],"about":[{"href":"https:\/\/artemisiavet.de\/index.php\/wp-json\/wp\/v2\/types\/page"}],"author":[{"embeddable":true,"href":"https:\/\/artemisiavet.de\/index.php\/wp-json\/wp\/v2\/users\/3"}],"replies":[{"embeddable":true,"href":"https:\/\/artemisiavet.de\/index.php\/wp-json\/wp\/v2\/comments?post=1110"}],"version-history":[{"count":6,"href":"https:\/\/artemisiavet.de\/index.php\/wp-json\/wp\/v2\/pages\/1110\/revisions"}],"predecessor-version":[{"id":1122,"href":"https:\/\/artemisiavet.de\/index.php\/wp-json\/wp\/v2\/pages\/1110\/revisions\/1122"}],"up":[{"embeddable":true,"href":"https:\/\/artemisiavet.de\/index.php\/wp-json\/wp\/v2\/pages\/197"}],"wp:attachment":[{"href":"https:\/\/artemisiavet.de\/index.php\/wp-json\/wp\/v2\/media?parent=1110"}],"curies":[{"name":"wp","href":"https:\/\/api.w.org\/{rel}","templated":true}]}}