{"id":201,"date":"2020-04-24T08:12:58","date_gmt":"2020-04-24T06:12:58","guid":{"rendered":"https:\/\/artemisiavet.de\/?page_id=201"},"modified":"2023-01-12T11:19:59","modified_gmt":"2023-01-12T09:19:59","slug":"luparte-2-0-standard-protokoll-deutsch","status":"publish","type":"page","link":"https:\/\/artemisiavet.de\/index.php\/results\/publications\/uebersetzungen\/luparte-2-0-standard-protokoll-deutsch\/","title":{"rendered":"LupArte 2.0\u00ae Standard Protokoll deutsch"},"content":{"rendered":"<p><strong>Tumor-\/Leishmania-Behandlung mit validierten LupArte2.0 \u00ae Kapseln\/Tabletten (wirkstoffoptimierte Mischung aus Artemisia annua-Pflanzenbl\u00e4ttern und Artennua, LupoVet GmbH) bei Katzen\/Hunden:<\/strong><\/p>\n<ul>\n<li><strong>Vorbereitungsphase<\/strong><\/li>\n<\/ul>\n<p>Tumorose: Entz\u00fcndungshemmende Behandlung (Meloxicam f\u00fcr eine Behandlung mit entz\u00fcndungshemmenden Suspensionen); entfernen Sie den Tumor operativ (egal, ob eine Metastasierung vorliegt oder nicht), wenn m\u00f6glich.<\/p>\n<p>Erste Serumeisenmessung<\/p>\n<p>Leishmaniose: anf\u00e4ngliche Serumeisenmessung<\/p>\n<p>bei Leishmaniose empfiehlt sich grunds\u00e4tzlich eine purinarme Ern\u00e4hrung mit z.B. <a href=\"https:\/\/www.lupovet.de\/produkte\/natur-liche-hundenahrungen-aquapress\/ibderma-hyposens-rezeptur\" target=\"_blank\" rel=\"noopener noreferrer\"><strong>LupoVet VeggieSens<\/strong><\/a><strong>.<\/strong><\/p>\n<ul>\n<li><strong>Behandlungsphase<\/strong><\/li>\n<\/ul>\n<p>mit LupArte 2.0 \u00ae<\/p>\n<p>Bestimmung des Serumeisens (Normalbereich zwischen 140 \u2013 170 myg\/dl); oft zu niedrig in F\u00e4llen eines Malignoms.<\/p>\n<p>Gleichzeitig muss Eisen gegeben werden:<\/p>\n<p>Oral in Form von <strong>LupoVet <a href=\"https:\/\/www.lupovet.de\/produkte\/ergaenzer-fuer-hunde\/lupovet-ergaenzer-a-z\/238\/lucefer-eisen-pulver?number=V724Fer120\" target=\"_blank\" rel=\"noopener noreferrer\">LuCefer Eisen-Pulver<\/a><\/strong><\/p>\n<p>Hochdosierte orale Eisenquelle mit 10 % resorptionsf\u00f6rderndem Vitamin C<\/p>\n<p><strong>Dosierung:<br \/>\n<\/strong>pro 10 kg Lebendgewicht pro Tag bis zu 2 x 1 gestr. Messl\u00f6ffel, idealerweise in 1 Essl\u00f6ffel Feuchtnahrung anger\u00fchrt mit dem Futter verabreichen;<br \/>\nMessl\u00f6ffelinhalt: gestrichen = 4,5 g, geh\u00e4uft = 7,5 g<\/p>\n<hr \/>\n<p>Oder in Form einer Injektion von z.B. <strong>Ursoferran\u00ae\/Myofer<\/strong> 10% (100mg\/ml); <u>Dosis:<\/u> 100 mg\/10 kg Gewicht zun\u00e4chst zweimal pro Woche.<\/p>\n<p>Die Eisenapplikation muss w\u00e4hrend der gesamten Behandlungszeit fortgesetzt und abgestimmt werden, um das hohe Niveau bei 250 <u>+ <\/u>30 \u00b5g\/dl zu halten.<\/p>\n<p>&nbsp;<\/p>\n<ul>\n<li>Ab dem vierten Tag m\u00fcssen die Tiere dreimal t\u00e4glich mit einem Abstand von 8 h mit LupArte 2.0\u00ae Kapseln\/Tabletten\u00a0 behandelt werden. Die Dosis betr\u00e4gt etwa 1400 mg\/m2 K\u00f6rperoberfl\u00e4che und Tag (siehe Umrechnungstabelle unten) verteilt in drei Teildosen alle +- 8 Stunden, wenn m\u00f6glich. Die Kapseln sind 1 bis 2 Stunden vor der F\u00fctterung und \u2013 wenn m\u00f6glich \u2013 ohne Fleisch in einem kleinen St\u00fcck Gouda-K\u00e4se zu geben. Eine Gabe viermal t\u00e4glich kann wegen der relativ kurzen Halbzeit hilfreicher sein als eine Gabe dreimal t\u00e4glich.<\/li>\n<\/ul>\n<p>&nbsp;<\/p>\n<p>W\u00e4hrend der Behandlung muss das Serumeisen kontinuierlich kontrolliert werden und die Eisendosis muss bei Bedarf angepasst werden.<\/p>\n<p><a href=\"https:\/\/artemisiavet.de\/wp-content\/uploads\/2022\/09\/Lup_Artennua_Tabelle_Fuetterung_Umrechnung2021_2.jpg\" target=\"_blank\" rel=\"noopener noreferrer\"><img loading=\"lazy\" decoding=\"async\" class=\"aligncenter wp-image-809 size-full\" src=\"https:\/\/artemisiavet.de\/wp-content\/uploads\/2022\/09\/Lup_Artennua_Tabelle_Fuetterung_Umrechnung2021_2.jpg\" sizes=\"auto, (max-width: 999px) 100vw, 999px\" srcset=\"https:\/\/artemisiavet.de\/wp-content\/uploads\/2022\/09\/Lup_Artennua_Tabelle_Fuetterung_Umrechnung2021_2.jpg 999w, https:\/\/artemisiavet.de\/wp-content\/uploads\/2022\/09\/Lup_Artennua_Tabelle_Fuetterung_Umrechnung2021_2-300x126.jpg 300w, https:\/\/artemisiavet.de\/wp-content\/uploads\/2022\/09\/Lup_Artennua_Tabelle_Fuetterung_Umrechnung2021_2-768x324.jpg 768w, https:\/\/artemisiavet.de\/wp-content\/uploads\/2022\/09\/Lup_Artennua_Tabelle_Fuetterung_Umrechnung2021_2-150x63.jpg 150w\" alt=\"\" width=\"999\" height=\"421\" \/><\/a><\/p>\n<p>&nbsp;<\/p>\n<p><strong>Fortsetzungsphase: <\/strong><\/p>\n<p>&nbsp;<\/p>\n<p>Routinem\u00e4\u00dfige Eisenserumpr\u00fcfung: Ziel:\u00a0250 <u>+ <\/u>30 \u00b5g\/dl.; angepasste Eisensubstitution (oral\/parenteral); lebenslange Behandlung mit LupArte2.0\u00ae mit Standarddosierung.<\/p>\n<p>Link:<\/p>\n<p><a href=\"https:\/\/www.who.int\/malaria\/areas\/treatment\/overview\/en\/\">https:\/\/www.who.int\/malaria\/areas\/treatment\/overview\/en\/<\/a><\/p>\n<p>&nbsp;<\/p>\n<p>&nbsp;<\/p>\n","protected":false},"excerpt":{"rendered":"<p>Tumor-\/Leishmania-Behandlung mit validierten LupArte2.0 \u00ae Kapseln\/Tabletten (wirkstoffoptimierte Mischung aus Artemisia annua-Pflanzenbl\u00e4ttern und Artennua, LupoVet GmbH) bei Katzen\/Hunden: Vorbereitungsphase Tumorose: Entz\u00fcndungshemmende Behandlung (Meloxicam f\u00fcr eine Behandlung mit entz\u00fcndungshemmenden Suspensionen); entfernen Sie den Tumor operativ (egal, ob eine Metastasierung vorliegt oder nicht), wenn m\u00f6glich. Erste Serumeisenmessung Leishmaniose: anf\u00e4ngliche Serumeisenmessung bei Leishmaniose empfiehlt&#8230;<\/p>\n<p> <a class=\"continue-reading-link\" href=\"https:\/\/artemisiavet.de\/index.php\/results\/publications\/uebersetzungen\/luparte-2-0-standard-protokoll-deutsch\/\"><span>Continue reading<\/span><i class=\"crycon-right-dir\"><\/i><\/a> <\/p>\n","protected":false},"author":3,"featured_media":0,"parent":212,"menu_order":0,"comment_status":"closed","ping_status":"closed","template":"templates\/template-onecolumn.php","meta":{"_monsterinsights_skip_tracking":false,"_monsterinsights_sitenote_active":false,"_monsterinsights_sitenote_note":"","_monsterinsights_sitenote_category":0,"footnotes":""},"class_list":["post-201","page","type-page","status-publish","hentry"],"_links":{"self":[{"href":"https:\/\/artemisiavet.de\/index.php\/wp-json\/wp\/v2\/pages\/201","targetHints":{"allow":["GET"]}}],"collection":[{"href":"https:\/\/artemisiavet.de\/index.php\/wp-json\/wp\/v2\/pages"}],"about":[{"href":"https:\/\/artemisiavet.de\/index.php\/wp-json\/wp\/v2\/types\/page"}],"author":[{"embeddable":true,"href":"https:\/\/artemisiavet.de\/index.php\/wp-json\/wp\/v2\/users\/3"}],"replies":[{"embeddable":true,"href":"https:\/\/artemisiavet.de\/index.php\/wp-json\/wp\/v2\/comments?post=201"}],"version-history":[{"count":13,"href":"https:\/\/artemisiavet.de\/index.php\/wp-json\/wp\/v2\/pages\/201\/revisions"}],"predecessor-version":[{"id":830,"href":"https:\/\/artemisiavet.de\/index.php\/wp-json\/wp\/v2\/pages\/201\/revisions\/830"}],"up":[{"embeddable":true,"href":"https:\/\/artemisiavet.de\/index.php\/wp-json\/wp\/v2\/pages\/212"}],"wp:attachment":[{"href":"https:\/\/artemisiavet.de\/index.php\/wp-json\/wp\/v2\/media?parent=201"}],"curies":[{"name":"wp","href":"https:\/\/api.w.org\/{rel}","templated":true}]}}