{"id":32,"date":"2019-08-07T14:32:57","date_gmt":"2019-08-07T12:32:57","guid":{"rendered":"https:\/\/artemisiavet.de\/?page_id=32"},"modified":"2026-03-03T13:59:08","modified_gmt":"2026-03-03T11:59:08","slug":"luparte_standard_protokoll_deutsch","status":"publish","type":"page","link":"https:\/\/artemisiavet.de\/index.php\/anwendung_verteidigungsstrategie\/luparte_standard_protokoll_deutsch\/","title":{"rendered":"LupArte 2.0 bei Tumoren des Hundes"},"content":{"rendered":"\n<figure class=\"wp-block-image size-large\"><a href=\"https:\/\/lupovet.de\/luparte-2.0\/v711ark150\" target=\"_blank\" rel=\"noreferrer noopener\"><img loading=\"lazy\" decoding=\"async\" width=\"1024\" height=\"414\" src=\"https:\/\/artemisiavet.de\/wp-content\/uploads\/2024\/12\/LupArte150mg_kapseln-1024x414.jpg\" alt=\"\" class=\"wp-image-983\" srcset=\"https:\/\/artemisiavet.de\/wp-content\/uploads\/2024\/12\/LupArte150mg_kapseln-1024x414.jpg 1024w, https:\/\/artemisiavet.de\/wp-content\/uploads\/2024\/12\/LupArte150mg_kapseln-300x121.jpg 300w, https:\/\/artemisiavet.de\/wp-content\/uploads\/2024\/12\/LupArte150mg_kapseln-768x311.jpg 768w, https:\/\/artemisiavet.de\/wp-content\/uploads\/2024\/12\/LupArte150mg_kapseln-1536x621.jpg 1536w, https:\/\/artemisiavet.de\/wp-content\/uploads\/2024\/12\/LupArte150mg_kapseln-150x61.jpg 150w, https:\/\/artemisiavet.de\/wp-content\/uploads\/2024\/12\/LupArte150mg_kapseln.jpg 1800w\" sizes=\"auto, (max-width: 1024px) 100vw, 1024px\" \/><\/a><\/figure>\n\n\n\n<h1 class=\"wp-block-heading\">LupArte 2.0 Standard Protokoll<\/h1>\n\n\n\n<p><strong>Tumor-\/Leishmania-Behandlung mit validierten LupArte2.0 \u00ae Kapseln\/Tabletten (wirkstoffoptimierte Mischung aus Artemisia annua-Pflanzenbl\u00e4ttern und Artennua, LupoVet GmbH) bei Katzen\/Hunden:<\/strong><\/p>\n\n\n\n<p><strong>1. Vorbereitungsphase<\/strong><\/p>\n\n\n\n<p>Tumorose: Entz\u00fcndungshemmende Behandlung (Meloxicam f\u00fcr eine Behandlung mit entz\u00fcndungs-angiogenese hemmender Suspension); entfernen Sie den Tumor operativ (Metastasierung oder nicht), wenn irgend m\u00f6glich. Erste Serumeisenmessung, wie immer n\u00fcchtern vormittags.<br><br><a href=\"https:\/\/artemisiavet.de\/index.php\/anwendung_verteidigungsstrategie\/bluteisenvergleich-blood-iron-comparison\/\" target=\"_blank\" rel=\"noreferrer noopener\"><strong>Der Eisengehalt des Blutes schwankt im Laufe des Tages.<\/strong><\/a> Daher sollte eine Eisenwertbestimmung m\u00f6glichst vormittags zwischen 8.00 h und 12.00 h durchgef\u00fchrt werden.<\/p>\n\n\n\n<p><strong>2. Behandlungsphase<\/strong><\/p>\n\n\n\n<p>mit LupArte 2.0 \u00ae<\/p>\n\n\n\n<p>Bestimmung des Serumeisens (Normalbereich zwischen 140 \u2013 170 myg\/dl bzw. 15-45mymol\/l); oft zu niedrig in F\u00e4llen eines Malignoms.<\/p>\n\n\n\n<p>Gleichzeitig muss Eisen gegeben werden:<\/p>\n\n\n\n<p>Oral in Form von <strong>LupoVet <a href=\"https:\/\/www.lupovet.de\/produkte\/ergaenzer-fuer-hunde\/lupovet-ergaenzer-a-z\/238\/lucefer-eisen-pulver?number=V724Fer120\" target=\"_blank\" rel=\"noreferrer noopener\">LuCefer Eisen-Pulver<\/a><\/strong><\/p>\n\n\n\n<p>Hochdosierte orale Eisenquelle mit 10 % resorptionsf\u00f6rderndem Vitamin C<\/p>\n\n\n\n<p><strong>Dosierung:<br><\/strong>pro 10 kg Lebendgewicht pro Tag bis zu 2 x 1 gestr. Messl\u00f6ffel, idealerweise in 1 Essl\u00f6ffel Feuchtnahrung anger\u00fchrt mit dem Futter verabreichen;&nbsp;<br>Messl\u00f6ffelinhalt: gestrichen = 4,5 g, geh\u00e4uft = 7,5 g<\/p>\n\n\n\n<p>Oder in Form einer Injektion von z.B. <strong>Ursoferran\u00ae\/Belfer\/Ferriphor\/Myofer<\/strong> 10% (100mg\/ml); Dosis: 100 mg\/10 kg Gewicht zun\u00e4chst zweimal pro Woche.<\/p>\n\n\n\n<p>Die Eisenapplikation muss w\u00e4hrend der gesamten Behandlungszeit fortgesetzt und abgestimmt werden, um das hohe Niveau bei 250 + 30 \u00b5g\/dl zu halten.<\/p>\n\n\n\n<p>Ab dem vierten Tag m\u00fcssen die Tiere mit LupArte2.0 behandelt werden; \u00ae Kapseln\/Tabletten dreimal t\u00e4glich. Die Dosis betr\u00e4gt etwa <strong>1400 mg\/m2 K\u00f6rperoberfl\u00e4che und Tag<\/strong> (siehe Umrechnungstabelle unten) verteilt in drei Teildosen alle +- 8 Stunden, wenn m\u00f6glich. Die Kapseln sind 1 \u2013 2 Stunden vor der F\u00fctterung und, wenn m\u00f6glich, ohne Fleisch in einem kleinen St\u00fcck Gouda-K\u00e4se zu geben. Eine Gabe viermal t\u00e4glich kann, wegen einer relativ kurzen Halbwertszeit, hilfreicher sein als eine Gabe dreimal t\u00e4glich.<\/p>\n\n\n\n<p>W\u00e4hrend der Behandlung muss das Serumeisen kontinuierlich kontrolliert werden und die Eisendosis muss bei Bedarf angepasst werden.<br><br><\/p>\n\n\n<div class=\"wp-block-image\">\n<figure class=\"aligncenter\"><a href=\"https:\/\/artemisiavet.de\/wp-content\/uploads\/2022\/09\/Lup_Artennua_Tabelle_Fuetterung_Umrechnung2021_2.jpg\" target=\"_blank\" rel=\"noreferrer noopener\"><img loading=\"lazy\" decoding=\"async\" width=\"999\" height=\"421\" src=\"https:\/\/artemisiavet.de\/wp-content\/uploads\/2022\/09\/Lup_Artennua_Tabelle_Fuetterung_Umrechnung2021_2.jpg\" alt=\"\" class=\"wp-image-809\" srcset=\"https:\/\/artemisiavet.de\/wp-content\/uploads\/2022\/09\/Lup_Artennua_Tabelle_Fuetterung_Umrechnung2021_2.jpg 999w, https:\/\/artemisiavet.de\/wp-content\/uploads\/2022\/09\/Lup_Artennua_Tabelle_Fuetterung_Umrechnung2021_2-300x126.jpg 300w, https:\/\/artemisiavet.de\/wp-content\/uploads\/2022\/09\/Lup_Artennua_Tabelle_Fuetterung_Umrechnung2021_2-768x324.jpg 768w, https:\/\/artemisiavet.de\/wp-content\/uploads\/2022\/09\/Lup_Artennua_Tabelle_Fuetterung_Umrechnung2021_2-150x63.jpg 150w\" sizes=\"auto, (max-width: 999px) 100vw, 999px\" \/><\/a><\/figure>\n<\/div>\n\n\n<p><strong>3. Fortsetzungsphase:<\/strong><\/p>\n\n\n\n<p>Routinem\u00e4\u00dfige Eisenserumpr\u00fcfung:<\/p>\n\n\n\n<p>Ziel: 250&nbsp; + &nbsp;30 \u00b5g\/dl.; angepasste Eisensubstitution (oral\/parenteral); lebenslange Behandlung mit LupArte2.0\u00ae mit Standarddosierung.<\/p>\n\n\n\n","protected":false},"excerpt":{"rendered":"<p>LupArte 2.0 Standard Protokoll Tumor-\/Leishmania-Behandlung mit validierten LupArte2.0 \u00ae Kapseln\/Tabletten (wirkstoffoptimierte Mischung aus Artemisia annua-Pflanzenbl\u00e4ttern und Artennua, LupoVet GmbH) bei Katzen\/Hunden: 1. Vorbereitungsphase Tumorose: Entz\u00fcndungshemmende Behandlung (Meloxicam f\u00fcr eine Behandlung mit entz\u00fcndungs-angiogenese hemmender Suspension); entfernen Sie den Tumor operativ (Metastasierung oder nicht), wenn irgend m\u00f6glich. Erste Serumeisenmessung, wie immer n\u00fcchtern&#8230;<\/p>\n<p> <a class=\"continue-reading-link\" href=\"https:\/\/artemisiavet.de\/index.php\/anwendung_verteidigungsstrategie\/luparte_standard_protokoll_deutsch\/\"><span>Continue reading<\/span><i class=\"crycon-right-dir\"><\/i><\/a> <\/p>\n","protected":false},"author":3,"featured_media":0,"parent":2,"menu_order":1,"comment_status":"closed","ping_status":"closed","template":"templates\/template-onecolumn.php","meta":{"_monsterinsights_skip_tracking":false,"_monsterinsights_sitenote_active":false,"_monsterinsights_sitenote_note":"","_monsterinsights_sitenote_category":0,"footnotes":""},"class_list":["post-32","page","type-page","status-publish","hentry"],"_links":{"self":[{"href":"https:\/\/artemisiavet.de\/index.php\/wp-json\/wp\/v2\/pages\/32","targetHints":{"allow":["GET"]}}],"collection":[{"href":"https:\/\/artemisiavet.de\/index.php\/wp-json\/wp\/v2\/pages"}],"about":[{"href":"https:\/\/artemisiavet.de\/index.php\/wp-json\/wp\/v2\/types\/page"}],"author":[{"embeddable":true,"href":"https:\/\/artemisiavet.de\/index.php\/wp-json\/wp\/v2\/users\/3"}],"replies":[{"embeddable":true,"href":"https:\/\/artemisiavet.de\/index.php\/wp-json\/wp\/v2\/comments?post=32"}],"version-history":[{"count":31,"href":"https:\/\/artemisiavet.de\/index.php\/wp-json\/wp\/v2\/pages\/32\/revisions"}],"predecessor-version":[{"id":1126,"href":"https:\/\/artemisiavet.de\/index.php\/wp-json\/wp\/v2\/pages\/32\/revisions\/1126"}],"up":[{"embeddable":true,"href":"https:\/\/artemisiavet.de\/index.php\/wp-json\/wp\/v2\/pages\/2"}],"wp:attachment":[{"href":"https:\/\/artemisiavet.de\/index.php\/wp-json\/wp\/v2\/media?parent=32"}],"curies":[{"name":"wp","href":"https:\/\/api.w.org\/{rel}","templated":true}]}}