{"id":327,"date":"2020-06-05T14:17:26","date_gmt":"2020-06-05T12:17:26","guid":{"rendered":"https:\/\/artemisiavet.de\/?page_id=327"},"modified":"2023-01-05T09:52:49","modified_gmt":"2023-01-05T07:52:49","slug":"imprint","status":"publish","type":"page","link":"https:\/\/artemisiavet.de\/index.php\/imprint\/","title":{"rendered":"Imprint"},"content":{"rendered":"<p>Dr.med.vet. Elmar Breuer<br \/>\n\u00d6stliche Allee 11,<br \/>\nD-79379 M\u00fcllheim<br \/>\nPhone: +49 7631 9381252<br \/>\nE-Mail: patienten(at)ibd-hund.de<\/p>\n<p>Competent chamber: Chamber of Veterinary Medicine Baden-W\u00fcrttemberg<br \/>\nProfessional title: Veterinarian (awarded in the Federal Republic of Germany)<br \/>\nProfessional code: Professional Code of the State Veterinary Chamber Baden-W\u00fcrttemberg Health Care Act of the State of Baden-W\u00fcrttemberg The regulations can be found in the Journal of Laws of the state of Baden-W\u00fcrttemberg<br \/>\nResponsible for contents acc. \u00a7 6 MDStV: Dr.med.vet. Elmar Breuer<br \/>\nVAT identification number acc. \u00a727 sales tax law: DE 142 48 12 96<br \/>\nDisclaimer: Despite careful content control, we assume no liability for the content of external links. The content of the linked pages are the sole responsibility of their operators.<\/p>\n","protected":false},"excerpt":{"rendered":"<p>Dr.med.vet. Elmar Breuer \u00d6stliche Allee 11, D-79379 M\u00fcllheim Phone: +49 7631 9381252 E-Mail: patienten(at)ibd-hund.de Competent chamber: Chamber of Veterinary Medicine Baden-W\u00fcrttemberg Professional title: Veterinarian (awarded in the Federal Republic of Germany) Professional code: Professional Code of the State Veterinary Chamber Baden-W\u00fcrttemberg Health Care Act of the State of Baden-W\u00fcrttemberg The&#8230;<\/p>\n<p> <a class=\"continue-reading-link\" href=\"https:\/\/artemisiavet.de\/index.php\/imprint\/\"><span>Continue reading<\/span><i class=\"crycon-right-dir\"><\/i><\/a> <\/p>\n","protected":false},"author":3,"featured_media":0,"parent":0,"menu_order":0,"comment_status":"closed","ping_status":"closed","template":"","meta":{"_monsterinsights_skip_tracking":false,"_monsterinsights_sitenote_active":false,"_monsterinsights_sitenote_note":"","_monsterinsights_sitenote_category":0,"footnotes":""},"class_list":["post-327","page","type-page","status-publish","hentry"],"_links":{"self":[{"href":"https:\/\/artemisiavet.de\/index.php\/wp-json\/wp\/v2\/pages\/327","targetHints":{"allow":["GET"]}}],"collection":[{"href":"https:\/\/artemisiavet.de\/index.php\/wp-json\/wp\/v2\/pages"}],"about":[{"href":"https:\/\/artemisiavet.de\/index.php\/wp-json\/wp\/v2\/types\/page"}],"author":[{"embeddable":true,"href":"https:\/\/artemisiavet.de\/index.php\/wp-json\/wp\/v2\/users\/3"}],"replies":[{"embeddable":true,"href":"https:\/\/artemisiavet.de\/index.php\/wp-json\/wp\/v2\/comments?post=327"}],"version-history":[{"count":6,"href":"https:\/\/artemisiavet.de\/index.php\/wp-json\/wp\/v2\/pages\/327\/revisions"}],"predecessor-version":[{"id":823,"href":"https:\/\/artemisiavet.de\/index.php\/wp-json\/wp\/v2\/pages\/327\/revisions\/823"}],"wp:attachment":[{"href":"https:\/\/artemisiavet.de\/index.php\/wp-json\/wp\/v2\/media?parent=327"}],"curies":[{"name":"wp","href":"https:\/\/api.w.org\/{rel}","templated":true}]}}