{"id":34,"date":"2019-08-07T14:34:39","date_gmt":"2019-08-07T12:34:39","guid":{"rendered":"https:\/\/artemisiavet.de\/?page_id=34"},"modified":"2024-12-09T14:29:48","modified_gmt":"2024-12-09T12:29:48","slug":"act-concept-of-the-who","status":"publish","type":"page","link":"https:\/\/artemisiavet.de\/index.php\/act-concept-of-the-who\/","title":{"rendered":"MALARIA \/ WHO"},"content":{"rendered":"\n<h3 class=\"wp-block-heading has-text-align-left has-white-background-color has-text-color has-background has-link-color wp-elements-f626dbd093b57b4c694c7d06f77ec077\" style=\"color:#405633\"><strong>Heilen mit Pflanzen: Artemisia annua gegen Malaria<\/strong><\/h3>\n\n\n\n<div style=\"height:20px\" aria-hidden=\"true\" class=\"wp-block-spacer\"><\/div>\n\n\n\n<p>\u00c4rzte und Wissenschaftler schenken der einst als unwissenschaftlich verachteten Kr\u00e4utermedizin wieder vermehrte Aufmerksamkeit:<\/p>\n\n\n<div class=\"wp-block-image\">\n<figure class=\"aligncenter\"><a href=\"https:\/\/www.doccheck.com\/de\/detail\/videos\/652-heilen-mit-pflanzen-artemisia-annua-gegen-malaria\" target=\"_blank\" rel=\"noreferrer noopener\"><img loading=\"lazy\" decoding=\"async\" width=\"756\" height=\"420\" src=\"https:\/\/artemisiavet.de\/wp-content\/uploads\/2022\/01\/artemisia_bei_malaria_film.jpg\" alt=\"\" class=\"wp-image-746\" srcset=\"https:\/\/artemisiavet.de\/wp-content\/uploads\/2022\/01\/artemisia_bei_malaria_film.jpg 756w, https:\/\/artemisiavet.de\/wp-content\/uploads\/2022\/01\/artemisia_bei_malaria_film-300x167.jpg 300w, https:\/\/artemisiavet.de\/wp-content\/uploads\/2022\/01\/artemisia_bei_malaria_film-150x83.jpg 150w\" sizes=\"auto, (max-width: 756px) 100vw, 756px\" \/><\/a><\/figure>\n<\/div>\n\n\n<div style=\"height:45px\" aria-hidden=\"true\" class=\"wp-block-spacer\"><\/div>\n\n\n\n<h3 class=\"wp-block-heading has-text-align-left has-white-background-color has-text-color has-background has-link-color wp-elements-15238277fd534a7748347b3719f93e4e\" style=\"color:#405633\"><strong>Das WHO ACT Konzept (ACT=Artemisinin Combination Therapy)<\/strong><\/h3>\n\n\n\n<p><br>Unser Ziel ist es, das Wissen \u00fcber die Verwendung der nat\u00fcrlichen Wirkstoffe von Artemisia annua f\u00fcr die Behandlung mehrerer Endoparasiten weiterzugeben. Seit 2018 empfiehlt die WHO diese Behandlungsformel unter Verwendung von Artemisia-annua-Pflanzen. Wir wenden dieses Prinzip bei der Optimierung des Gehalts an Artemisinin, Casticine und Eupatorin (ACE) in unseren Mischungen mit Artemisia-annua-Pflanzen verschiedener Herkunft in Kombination mit Artennua an.<\/p>\n\n\n\n<div style=\"height:29px\" aria-hidden=\"true\" class=\"wp-block-spacer\"><\/div>\n\n\n\n<figure class=\"wp-block-image size-large\"><img loading=\"lazy\" decoding=\"async\" width=\"1024\" height=\"701\" src=\"https:\/\/artemisiavet.de\/wp-content\/uploads\/2024\/11\/diagramm_analyse2024_3-1024x701.jpg\" alt=\"\" class=\"wp-image-927\" srcset=\"https:\/\/artemisiavet.de\/wp-content\/uploads\/2024\/11\/diagramm_analyse2024_3-1024x701.jpg 1024w, https:\/\/artemisiavet.de\/wp-content\/uploads\/2024\/11\/diagramm_analyse2024_3-300x205.jpg 300w, https:\/\/artemisiavet.de\/wp-content\/uploads\/2024\/11\/diagramm_analyse2024_3-768x526.jpg 768w, https:\/\/artemisiavet.de\/wp-content\/uploads\/2024\/11\/diagramm_analyse2024_3-150x103.jpg 150w, https:\/\/artemisiavet.de\/wp-content\/uploads\/2024\/11\/diagramm_analyse2024_3.jpg 1104w\" sizes=\"auto, (max-width: 1024px) 100vw, 1024px\" \/><\/figure>\n\n\n\n<div style=\"height:41px\" aria-hidden=\"true\" class=\"wp-block-spacer\"><\/div>\n\n\n\n<p id=\"tw-target-text\"><\/p>\n\n\n\n<p><\/p>\n\n\n\n<p><\/p>\n","protected":false},"excerpt":{"rendered":"<p>Heilen mit Pflanzen: Artemisia annua gegen Malaria \u00c4rzte und Wissenschaftler schenken der einst als unwissenschaftlich verachteten Kr\u00e4utermedizin wieder vermehrte Aufmerksamkeit: Das WHO ACT Konzept (ACT=Artemisinin Combination Therapy) Unser Ziel ist es, das Wissen \u00fcber die Verwendung der nat\u00fcrlichen Wirkstoffe von Artemisia annua f\u00fcr die Behandlung mehrerer Endoparasiten weiterzugeben. Seit 2018&#8230;<\/p>\n<p> <a class=\"continue-reading-link\" href=\"https:\/\/artemisiavet.de\/index.php\/act-concept-of-the-who\/\"><span>Continue reading<\/span><i class=\"crycon-right-dir\"><\/i><\/a> <\/p>\n","protected":false},"author":3,"featured_media":0,"parent":0,"menu_order":3,"comment_status":"closed","ping_status":"closed","template":"templates\/template-onecolumn.php","meta":{"_monsterinsights_skip_tracking":false,"_monsterinsights_sitenote_active":false,"_monsterinsights_sitenote_note":"","_monsterinsights_sitenote_category":0,"footnotes":""},"class_list":["post-34","page","type-page","status-publish","hentry"],"_links":{"self":[{"href":"https:\/\/artemisiavet.de\/index.php\/wp-json\/wp\/v2\/pages\/34","targetHints":{"allow":["GET"]}}],"collection":[{"href":"https:\/\/artemisiavet.de\/index.php\/wp-json\/wp\/v2\/pages"}],"about":[{"href":"https:\/\/artemisiavet.de\/index.php\/wp-json\/wp\/v2\/types\/page"}],"author":[{"embeddable":true,"href":"https:\/\/artemisiavet.de\/index.php\/wp-json\/wp\/v2\/users\/3"}],"replies":[{"embeddable":true,"href":"https:\/\/artemisiavet.de\/index.php\/wp-json\/wp\/v2\/comments?post=34"}],"version-history":[{"count":47,"href":"https:\/\/artemisiavet.de\/index.php\/wp-json\/wp\/v2\/pages\/34\/revisions"}],"predecessor-version":[{"id":981,"href":"https:\/\/artemisiavet.de\/index.php\/wp-json\/wp\/v2\/pages\/34\/revisions\/981"}],"wp:attachment":[{"href":"https:\/\/artemisiavet.de\/index.php\/wp-json\/wp\/v2\/media?parent=34"}],"curies":[{"name":"wp","href":"https:\/\/api.w.org\/{rel}","templated":true}]}}