{"id":367,"date":"2020-06-09T09:29:21","date_gmt":"2020-06-09T07:29:21","guid":{"rendered":"https:\/\/artemisiavet.de\/?page_id=367"},"modified":"2025-08-21T12:56:03","modified_gmt":"2025-08-21T10:56:03","slug":"fibrosarkom-bei-katzen","status":"publish","type":"page","link":"https:\/\/artemisiavet.de\/index.php\/anwendung_verteidigungsstrategie\/fibrosarkom-bei-katzen\/","title":{"rendered":"Tumore bei Katzen"},"content":{"rendered":"<p>Auch bei der Katze und ihren h\u00e4ufigen b\u00f6sartigen Tumoren gibt es, idealerweise nach -selbst inkompletter- Prim\u00e4rherd-Resektion und strikter Anwendung des <strong><a href=\"https:\/\/artemisiavet.de\/index.php\/results\/publications\/uebersetzungen\/luparte-2-0-standard-protokoll-deutsch\/\">LupArte 2.0\/Ferrum-Protokolls<\/a><\/strong> immer wieder sehr erfreuliche Behandlungsergebnisse.<\/p>\n<p>Fallbeispiele <strong><a href=\"https:\/\/artemisiavet.de\/index.php\/anwendung_verteidigungsstrategie\/fibrosarkom-bei-katzen\/fallbeispiel-fibrosarkom-bei-katzen\/\">finden Sie hier<\/a><\/strong> und <strong><a href=\"https:\/\/artemisiavet.de\/index.php\/anwendung_verteidigungsstrategie\/fibrosarkom-bei-katzen\/fallbeispiel-fibrosarkom-bei-kater\/\" target=\"_blank\" rel=\"noopener\">hier<\/a>.<\/strong><\/p>\n\n\n<figure class=\"wp-block-image size-large\"><img loading=\"lazy\" decoding=\"async\" width=\"1024\" height=\"477\" src=\"https:\/\/artemisiavet.de\/wp-content\/uploads\/2025\/08\/luparte5-1024x477.jpg\" alt=\"\" class=\"wp-image-1066\" srcset=\"https:\/\/artemisiavet.de\/wp-content\/uploads\/2025\/08\/luparte5-1024x477.jpg 1024w, https:\/\/artemisiavet.de\/wp-content\/uploads\/2025\/08\/luparte5-300x140.jpg 300w, https:\/\/artemisiavet.de\/wp-content\/uploads\/2025\/08\/luparte5-768x358.jpg 768w, https:\/\/artemisiavet.de\/wp-content\/uploads\/2025\/08\/luparte5-1536x716.jpg 1536w, https:\/\/artemisiavet.de\/wp-content\/uploads\/2025\/08\/luparte5-150x70.jpg 150w, https:\/\/artemisiavet.de\/wp-content\/uploads\/2025\/08\/luparte5.jpg 1800w\" sizes=\"auto, (max-width: 1024px) 100vw, 1024px\" \/><\/figure>\n","protected":false},"excerpt":{"rendered":"<p>Auch bei der Katze und ihren h\u00e4ufigen b\u00f6sartigen Tumoren gibt es, idealerweise nach -selbst inkompletter- Prim\u00e4rherd-Resektion und strikter Anwendung des LupArte 2.0\/Ferrum-Protokolls immer wieder sehr erfreuliche Behandlungsergebnisse. Fallbeispiele finden Sie hier und hier.<\/p>\n<p> <a class=\"continue-reading-link\" href=\"https:\/\/artemisiavet.de\/index.php\/anwendung_verteidigungsstrategie\/fibrosarkom-bei-katzen\/\"><span>Continue reading<\/span><i class=\"crycon-right-dir\"><\/i><\/a> <\/p>\n","protected":false},"author":3,"featured_media":0,"parent":2,"menu_order":4,"comment_status":"closed","ping_status":"closed","template":"templates\/template-onecolumn.php","meta":{"_monsterinsights_skip_tracking":false,"_monsterinsights_sitenote_active":false,"_monsterinsights_sitenote_note":"","_monsterinsights_sitenote_category":0,"footnotes":""},"class_list":["post-367","page","type-page","status-publish","hentry"],"_links":{"self":[{"href":"https:\/\/artemisiavet.de\/index.php\/wp-json\/wp\/v2\/pages\/367","targetHints":{"allow":["GET"]}}],"collection":[{"href":"https:\/\/artemisiavet.de\/index.php\/wp-json\/wp\/v2\/pages"}],"about":[{"href":"https:\/\/artemisiavet.de\/index.php\/wp-json\/wp\/v2\/types\/page"}],"author":[{"embeddable":true,"href":"https:\/\/artemisiavet.de\/index.php\/wp-json\/wp\/v2\/users\/3"}],"replies":[{"embeddable":true,"href":"https:\/\/artemisiavet.de\/index.php\/wp-json\/wp\/v2\/comments?post=367"}],"version-history":[{"count":7,"href":"https:\/\/artemisiavet.de\/index.php\/wp-json\/wp\/v2\/pages\/367\/revisions"}],"predecessor-version":[{"id":1067,"href":"https:\/\/artemisiavet.de\/index.php\/wp-json\/wp\/v2\/pages\/367\/revisions\/1067"}],"up":[{"embeddable":true,"href":"https:\/\/artemisiavet.de\/index.php\/wp-json\/wp\/v2\/pages\/2"}],"wp:attachment":[{"href":"https:\/\/artemisiavet.de\/index.php\/wp-json\/wp\/v2\/media?parent=367"}],"curies":[{"name":"wp","href":"https:\/\/api.w.org\/{rel}","templated":true}]}}