{"id":38,"date":"2019-08-07T14:41:19","date_gmt":"2019-08-07T12:41:19","guid":{"rendered":"https:\/\/artemisiavet.de\/?page_id=38"},"modified":"2025-08-21T13:08:25","modified_gmt":"2025-08-21T11:08:25","slug":"imprint-privacy-statement","status":"publish","type":"page","link":"https:\/\/artemisiavet.de\/index.php\/imprint-privacy-statement\/","title":{"rendered":"Impressum"},"content":{"rendered":"\n<p id=\"tw-target-text\">Tier\u00e4rztliches Institut f\u00fcr empirisch-evidenzbasierte canIBD- und Artemisia annua- Therapie Dr. Breuer<\/p>\n\n\n\n<p id=\"tw-target-text\">Dr.med.vet. Elmar Breuer<br>\u00d6stliche Allee 11,<br>D-79379 M\u00fcllheim<br>Fon +49 7631 9381252<br>E-Mail: patienten(at)ibd-hund.de<\/p>\n\n\n\n<figure class=\"wp-block-image size-full is-resized\"><img loading=\"lazy\" decoding=\"async\" width=\"667\" height=\"1000\" src=\"https:\/\/artemisiavet.de\/wp-content\/uploads\/2025\/08\/artemisia_2825s.jpg\" alt=\"\" class=\"wp-image-1068\" style=\"width:338px;height:auto\" srcset=\"https:\/\/artemisiavet.de\/wp-content\/uploads\/2025\/08\/artemisia_2825s.jpg 667w, https:\/\/artemisiavet.de\/wp-content\/uploads\/2025\/08\/artemisia_2825s-200x300.jpg 200w, https:\/\/artemisiavet.de\/wp-content\/uploads\/2025\/08\/artemisia_2825s-100x150.jpg 100w\" sizes=\"auto, (max-width: 667px) 100vw, 667px\" \/><\/figure>\n\n\n\n<p id=\"tw-target-text\">Zust\u00e4ndige Kammer: Veterin\u00e4rmedizinische Kammer Baden-W\u00fcrttemberg<br>Berufsbezeichnung: Tierarzt (verliehen in der Bundesrepublik Deutschland)<br>Berufsordnung: Berufsgesetzbuch der Landesveterin\u00e4rkammer Baden-W\u00fcrttemberg Gesundheitsgesetz des Landes Baden-W\u00fcrttemberg<br>Die Regelungen finden Sie im Journal of Laws des Landes Baden-W\u00fcrttemberg<br>Verantwortlich f\u00fcr den Inhalt gem. \u00a7 6 MDStV: Dr.med.vet. Elmar Breuer<br>Umsatzsteuer-Identifikationsnummer gem. \u00a727 Umsatzsteuergesetz: DE 142 48 12 96<br>Haftungsausschluss: Trotz sorgf\u00e4ltiger Inhaltskontrolle \u00fcbernehmen wir keine Haftung f\u00fcr den Inhalt externer Links. Der Inhalt der verlinkten Seiten liegt in der alleinigen Verantwortung ihrer Betreiber.<\/p>\n","protected":false},"excerpt":{"rendered":"<p>Tier\u00e4rztliches Institut f\u00fcr empirisch-evidenzbasierte canIBD- und Artemisia annua- Therapie Dr. Breuer Dr.med.vet. Elmar Breuer\u00d6stliche Allee 11,D-79379 M\u00fcllheimFon +49 7631 9381252E-Mail: patienten(at)ibd-hund.de Zust\u00e4ndige Kammer: Veterin\u00e4rmedizinische Kammer Baden-W\u00fcrttembergBerufsbezeichnung: Tierarzt (verliehen in der Bundesrepublik Deutschland)Berufsordnung: Berufsgesetzbuch der Landesveterin\u00e4rkammer Baden-W\u00fcrttemberg Gesundheitsgesetz des Landes Baden-W\u00fcrttembergDie Regelungen finden Sie im Journal of Laws des Landes Baden-W\u00fcrttembergVerantwortlich&#8230;<\/p>\n<p> <a class=\"continue-reading-link\" href=\"https:\/\/artemisiavet.de\/index.php\/imprint-privacy-statement\/\"><span>Continue reading<\/span><i class=\"crycon-right-dir\"><\/i><\/a> <\/p>\n","protected":false},"author":3,"featured_media":0,"parent":0,"menu_order":6,"comment_status":"closed","ping_status":"closed","template":"templates\/template-onecolumn.php","meta":{"_monsterinsights_skip_tracking":false,"_monsterinsights_sitenote_active":false,"_monsterinsights_sitenote_note":"","_monsterinsights_sitenote_category":0,"footnotes":""},"class_list":["post-38","page","type-page","status-publish","hentry"],"_links":{"self":[{"href":"https:\/\/artemisiavet.de\/index.php\/wp-json\/wp\/v2\/pages\/38","targetHints":{"allow":["GET"]}}],"collection":[{"href":"https:\/\/artemisiavet.de\/index.php\/wp-json\/wp\/v2\/pages"}],"about":[{"href":"https:\/\/artemisiavet.de\/index.php\/wp-json\/wp\/v2\/types\/page"}],"author":[{"embeddable":true,"href":"https:\/\/artemisiavet.de\/index.php\/wp-json\/wp\/v2\/users\/3"}],"replies":[{"embeddable":true,"href":"https:\/\/artemisiavet.de\/index.php\/wp-json\/wp\/v2\/comments?post=38"}],"version-history":[{"count":18,"href":"https:\/\/artemisiavet.de\/index.php\/wp-json\/wp\/v2\/pages\/38\/revisions"}],"predecessor-version":[{"id":1072,"href":"https:\/\/artemisiavet.de\/index.php\/wp-json\/wp\/v2\/pages\/38\/revisions\/1072"}],"wp:attachment":[{"href":"https:\/\/artemisiavet.de\/index.php\/wp-json\/wp\/v2\/media?parent=38"}],"curies":[{"name":"wp","href":"https:\/\/api.w.org\/{rel}","templated":true}]}}