{"id":526,"date":"2020-08-04T14:44:39","date_gmt":"2020-08-04T12:44:39","guid":{"rendered":"https:\/\/artemisiavet.de\/?page_id=526"},"modified":"2026-04-07T10:59:00","modified_gmt":"2026-04-07T08:59:00","slug":"beratung","status":"publish","type":"page","link":"https:\/\/artemisiavet.de\/index.php\/beratung\/","title":{"rendered":"Telemedizin-Beratung"},"content":{"rendered":"\n<p><strong>Sie ben\u00f6tigen eine individualisierte Beratung hinsichtlich der Anwendung von Artemisia annua f\u00fcr Ihren Vierbeiner?<\/strong><\/p>\n\n\n\n<p>Eine telefonische tier\u00e4rztliche Beratung durch den Autor kann nach<\/p>\n\n\n\n<p>1) Anmeldung,<\/p>\n\n\n\n<p>2) Zahlung und<\/p>\n\n\n\n<p>3) Terminvereinbarung<\/p>\n\n\n\n<p>erfolgen. Vor-Ort-Termine sind in der Regel nicht m\u00f6glich.<\/p>\n\n\n\n<h3 class=\"wp-block-heading\"><a href=\"https:\/\/www.ibd-hund.de\/buchungskalender\/erstberatung\/\" target=\"_blank\" rel=\"noopener noreferrer\">Zum Anmeldeformular Leishmaniose \/ Sonstiges<\/a><\/h3>\n\n\n\n<div style=\"height:29px\" aria-hidden=\"true\" class=\"wp-block-spacer\"><\/div>\n\n\n<div class=\"wp-block-image\">\n<figure class=\"aligncenter\"><a href=\"https:\/\/www.ibd-hund.de\/buchungskalender\/erstberatung\/\" target=\"_blank\" rel=\"noopener noreferrer\"><img loading=\"lazy\" decoding=\"async\" width=\"300\" height=\"163\" src=\"https:\/\/artemisiavet.de\/wp-content\/uploads\/2021\/06\/anmeldung_beratung2021-300x163.jpg\" alt=\"anmeldung beratung\" class=\"wp-image-736\" srcset=\"https:\/\/artemisiavet.de\/wp-content\/uploads\/2021\/06\/anmeldung_beratung2021-300x163.jpg 300w, https:\/\/artemisiavet.de\/wp-content\/uploads\/2021\/06\/anmeldung_beratung2021-150x81.jpg 150w, https:\/\/artemisiavet.de\/wp-content\/uploads\/2021\/06\/anmeldung_beratung2021.jpg 700w\" sizes=\"auto, (max-width: 300px) 100vw, 300px\" \/><\/a><\/figure>\n<\/div>\n\n\n<p><\/p>\n\n\n\n<h3 class=\"wp-block-heading\"><a href=\"https:\/\/www.ibd-hund.de\/buchungskalender\/anmeldung-tumorberatung\/\" target=\"_blank\" rel=\"noopener noreferrer\">Zum Anmeldeformular Tumorberatung<\/a><\/h3>\n\n\n\n<div style=\"height:29px\" aria-hidden=\"true\" class=\"wp-block-spacer\"><\/div>\n\n\n\n<p>Erst nachdem Ihre Anmeldung und \u00dcberweisung (Details auf Anmeldeformular) zur <strong>kostenpflichtigen Initialberatung<\/strong> gem\u00e4\u00df GOT in H\u00f6he von 89,- \u20ac (ca. 30 min) erfolgt ist, erhalten Sie zeitnah von uns eine Terminanfrage-Mail.<\/p>\n\n\n\n<p>Bitte senden Sie uns danach alle relevanten Untersuchungsergebnisse (Labor, Histologie, Ultraschall, Endoskopie, R\u00f6ntgen, Mikrobiologie usw.) sowie zwingend <strong>Serumeisenwert\/e<\/strong> mindestens drei Werktage vor Ihrem Terminwunsch zum Studium per Email an: dr.elmar.breuer(at)t-online punkt de<\/p>\n\n\n\n<p>Den Fragebogen hinsichtlich Leishmaniose <a href=\"https:\/\/artemisiavet.de\/index.php\/beratung\/downloads\/\">finden Sie unter Downloads<\/a>.<\/p>\n","protected":false},"excerpt":{"rendered":"<p>Sie ben\u00f6tigen eine individualisierte Beratung hinsichtlich der Anwendung von Artemisia annua f\u00fcr Ihren Vierbeiner? Eine telefonische tier\u00e4rztliche Beratung durch den Autor kann nach 1) Anmeldung, 2) Zahlung und 3) Terminvereinbarung erfolgen. Vor-Ort-Termine sind in der Regel nicht m\u00f6glich. Zum Anmeldeformular Leishmaniose \/ Sonstiges Zum Anmeldeformular Tumorberatung Erst nachdem Ihre Anmeldung&#8230;<\/p>\n<p> <a class=\"continue-reading-link\" href=\"https:\/\/artemisiavet.de\/index.php\/beratung\/\"><span>Continue reading<\/span><i class=\"crycon-right-dir\"><\/i><\/a> <\/p>\n","protected":false},"author":3,"featured_media":0,"parent":0,"menu_order":5,"comment_status":"closed","ping_status":"closed","template":"templates\/template-onecolumn.php","meta":{"_monsterinsights_skip_tracking":false,"_monsterinsights_sitenote_active":false,"_monsterinsights_sitenote_note":"","_monsterinsights_sitenote_category":0,"footnotes":""},"class_list":["post-526","page","type-page","status-publish","hentry"],"_links":{"self":[{"href":"https:\/\/artemisiavet.de\/index.php\/wp-json\/wp\/v2\/pages\/526","targetHints":{"allow":["GET"]}}],"collection":[{"href":"https:\/\/artemisiavet.de\/index.php\/wp-json\/wp\/v2\/pages"}],"about":[{"href":"https:\/\/artemisiavet.de\/index.php\/wp-json\/wp\/v2\/types\/page"}],"author":[{"embeddable":true,"href":"https:\/\/artemisiavet.de\/index.php\/wp-json\/wp\/v2\/users\/3"}],"replies":[{"embeddable":true,"href":"https:\/\/artemisiavet.de\/index.php\/wp-json\/wp\/v2\/comments?post=526"}],"version-history":[{"count":24,"href":"https:\/\/artemisiavet.de\/index.php\/wp-json\/wp\/v2\/pages\/526\/revisions"}],"predecessor-version":[{"id":1133,"href":"https:\/\/artemisiavet.de\/index.php\/wp-json\/wp\/v2\/pages\/526\/revisions\/1133"}],"wp:attachment":[{"href":"https:\/\/artemisiavet.de\/index.php\/wp-json\/wp\/v2\/media?parent=526"}],"curies":[{"name":"wp","href":"https:\/\/api.w.org\/{rel}","templated":true}]}}