{"id":900,"date":"2024-10-01T13:26:10","date_gmt":"2024-10-01T11:26:10","guid":{"rendered":"https:\/\/artemisiavet.de\/?page_id=900"},"modified":"2025-11-17T14:06:11","modified_gmt":"2025-11-17T12:06:11","slug":"faq","status":"publish","type":"page","link":"https:\/\/artemisiavet.de\/index.php\/anwendung_verteidigungsstrategie\/faq\/","title":{"rendered":"FAQ &#8211; H\u00e4ufig gestellte Fragen"},"content":{"rendered":"<div class=\"lightweight-accordion has-text-color has-background\"><details><summary class=\"lightweight-accordion-title\" style=\"color:#ffffff;background:#82b26e;\"><span>Wieso wirkt LupArte 2.0 bei Leishmaniose, besonders in Kombination mit Eisen?<\/span><\/summary><div class=\"lightweight-accordion-body\" style=\"border-color:#82b26e;\">\n\n<p>&#8222;Es wurde eine leishmanizide Wirkung von Artemisinin u. a. bei L. infantum nachgewiesen. Es wird vermutet, dass Artemisinin oxidativen Stress in den Leishmanien ausl\u00f6st, was deren Wachstum hemmt und die Apoptose sowohl der amastigoten als auch der promastigoten Stadien der Leishmanien f\u00f6rdert. Eisen hat eine gro\u00dfe Bedeutung f\u00fcr den Metabolismus der Leishmanien, aber auch f\u00fcr die Immunantwort des Wirtes. Die leishmanizide Wirkung entsteht durch eine chemische Reaktion des Artemisinin mit dem in den Leishmanien enthaltenen Eisen unter Entstehung freier Radikale, welche Leishmanien abt\u00f6ten. Zus\u00e4tzlich ist der Einj\u00e4hrige Beifu\u00df auch f\u00fcr seine immunmodulatorische Wirkung bekannt, wie z. B. einer Verringerung der Antik\u00f6rperproduktion in den B-Lymphozyten, was m\u00f6glicherweise bei den Leishmanien die Bildung von Antigen-Antik\u00f6rper-Komplexen mit potentiell folgender Nephrotoxizit\u00e4t vermindern k\u00f6nnte.&#8220;<\/p>\n\n\n\n<p>Quelle: <a href=\"https:\/\/vbd.laboklin.com\/wp-content\/uploads\/2022\/12\/Leishmanien-Hund-TP.pdf\" data-type=\"link\" data-id=\"https:\/\/vbd.laboklin.com\/wp-content\/uploads\/2022\/12\/Leishmanien-Hund-TP.pdf\" target=\"_blank\" rel=\"noreferrer noopener\"><strong>Ein Update zur Leishmaniose des Hundes: Diagnostik, Therapie und Monitoring<\/strong><\/a><br>Autorinnen\/Autoren: Ingo Sch\u00e4fer, Elisabeth M\u00fcller, Torsten J. Naucke<br>Institut LABOKLIN GmbH and Co. KG, Bad Kissingen<\/p>\n\n<\/div><\/details><\/div>\n\n<div class=\"lightweight-accordion has-text-color has-background\"><details><summary class=\"lightweight-accordion-title\" style=\"color:#ffffff;background:#82b26e;\"><span>Wie hoch ist der Artemisiningehalt in LupArte 2.0?<\/span><\/summary><div class=\"lightweight-accordion-body\" style=\"border-color:#82b26e;\">\n\n<p>Der Artemisiningehalt in LupArte 2.0 ist in Bezug auf bei Artemisinin \u00fcblichen Naturformen ca. 20 mal h\u00f6her, auch er unterliegt nat\u00fcrlichen Schwankungen.<br>Hinweise zur Verwendung von LupArte 2.0 bei Leishmaniose des Hundes finden Sie hier:<\/p>\n\n\n\n<figure class=\"wp-block-embed is-type-wp-embed is-provider-artemisia-vet wp-block-embed-artemisia-vet\"><div class=\"wp-block-embed__wrapper\">\n<blockquote class=\"wp-embedded-content\" data-secret=\"uXaIr6bpL3\"><a href=\"https:\/\/artemisiavet.de\/index.php\/results\/publications\/leishmaniose-beim-hund\/\">Leishmaniose beim Hund<\/a><\/blockquote><iframe loading=\"lazy\" class=\"wp-embedded-content\" sandbox=\"allow-scripts\" security=\"restricted\" style=\"position: absolute; visibility: hidden;\" title=\"&#8222;Leishmaniose beim Hund&#8220; &#8212; Artemisia Vet\" src=\"https:\/\/artemisiavet.de\/index.php\/results\/publications\/leishmaniose-beim-hund\/embed\/#?secret=lmdzPMfBWn#?secret=uXaIr6bpL3\" data-secret=\"uXaIr6bpL3\" width=\"600\" height=\"338\" frameborder=\"0\" marginwidth=\"0\" marginheight=\"0\" scrolling=\"no\"><\/iframe>\n<\/div><\/figure>\n\n<\/div><\/details><\/div>\n\n<div class=\"lightweight-accordion has-text-color has-background\"><details><summary class=\"lightweight-accordion-title\" style=\"color:#ffffff;background:#82b26e;\"><span>LupArte2.0: Warum sollte die Gabe 2 Stunden vor Mahlzeit erfolgen?<\/span><\/summary><div class=\"lightweight-accordion-body\" style=\"border-color:#82b26e;\">\n\n<p>Die Gabe von <a href=\"https:\/\/www.lupovet.de\/produkte\/ergaenzer-fuer-hunde\/lupovet-ergaenzer-a-z\/42\/luparte-2.0\"><strong>LupArte 2.0<\/strong><\/a> soll ca. 2 Stunden vor der F\u00fctterung m\u00f6glichst fleischfrei (z.B. in Gouda-K\u00e4se) erfolgen, damit der K\u00f6rper genug Zeit hat um das Artemisia annua ungest\u00f6rt resorbieren zu k\u00f6nnen.<\/p>\n\n<\/div><\/details><\/div>\n\n<div class=\"lightweight-accordion has-text-color has-background\"><details><summary class=\"lightweight-accordion-title\" style=\"color:#ffffff;background:#82b26e;\"><span>LupArte2.0: Warum sollte man die Kapsel nicht \u00f6ffnen?<\/span><\/summary><div class=\"lightweight-accordion-body\" style=\"border-color:#82b26e;\">\n\n<p>Die Inhaltsstoffe von LupArte 2.0 schmecken bitter.<\/p>\n\n<\/div><\/details><\/div>\n\n<div class=\"lightweight-accordion has-text-color has-background\"><details><summary class=\"lightweight-accordion-title\" style=\"color:#ffffff;background:#82b26e;\"><span>LupArte2.0: Mein Hund mag keinen K\u00e4se, wie soll ich es verf\u00fcttern?<\/span><\/summary><div class=\"lightweight-accordion-body\" style=\"border-color:#82b26e;\">\n\n<p>Hier ein Tipp einer anderen Kundin: <br>&#8222;Wir haben nun aber etwas gefunden: Ghee in den K\u00fchlschrank stellen, damit es hart wird und dann mit einem L\u00f6ffel etwas herauskratzen und die Tablette reinpacken, wie in ein St\u00fcck Knete. Das nimmt er freiwillig ein und ist ohne Fleisch \u2013 vielleicht hilft das auch anderen Kunden mit m\u00e4keligen Hunden. :-).&#8220;<\/p>\n\n<\/div><\/details><\/div>\n\n<div class=\"lightweight-accordion has-text-color has-background\"><details><summary class=\"lightweight-accordion-title\" style=\"color:#ffffff;background:#82b26e;\"><span>LupArte2.0 in Kombination mit Medikamenten?<\/span><\/summary><div class=\"lightweight-accordion-body\" style=\"border-color:#82b26e;\">\n\n<p>Wir empfehlen prinzipiell, i.d.R. zu jeglichen Futter-und Erg\u00e4nzungsfuttermitteln sinnvollerweise einen Abstand von 1-2 Stunden zu Medikamentengaben einzuhalten, soweit nichts anderes angegeben ist: Nur so sind im Zweifel Molek\u00fcl-Wechselwirkungen sicher auszuschlie\u00dfen.<\/p>\n\n\n\n<p>Eine tiermedizinische Beratung, wie sie z.B. zur Medikamentengabe erforderlich ist, k\u00f6nnen wir hier aus rechtlichen Gr\u00fcnden nicht leisten. <\/p>\n\n<\/div><\/details><\/div>\n\n<div class=\"lightweight-accordion has-text-color has-background\"><details><summary class=\"lightweight-accordion-title\" style=\"color:#ffffff;background:#82b26e;\"><span>LupArte2.0 in Kombination mit Chemo?<\/span><\/summary><div class=\"lightweight-accordion-body\" style=\"border-color:#82b26e;\">\n\n<p>Die Anwendung von LupArte 2.0 und eine Chemobehandlung widerspricht sich theoretisch, es gibt dahingehend keine Erfahrungswerte.<\/p>\n\n<\/div><\/details><\/div>\n\n<div class=\"lightweight-accordion has-text-color has-background\"><details><summary class=\"lightweight-accordion-title\" style=\"color:#ffffff;background:#82b26e;\"><span>Leishmaniose &#8211; Ist diese Erkrankung des Hundes heilbar?<\/span><\/summary><div class=\"lightweight-accordion-body\" style=\"border-color:#82b26e;\">\n\n<p>Leider ist die Leishmaniose beim Hund nicht heilbar, eine Behandling mit LupArte 2.0 kann aber dazu beitragen, dass eine gute Lebensqualit\u00e4t erhalten bleibt und Symptome gelindert werden.<br><strong><a href=\"https:\/\/artemisiavet.de\/index.php\/anwendung_verteidigungsstrategie\/fallbeispiel_leishmaniose_hund\/fallbeispiel-leishmaniose-2\/\" target=\"_blank\" rel=\"noreferrer noopener\">Ein Fallbeispiel<\/a>.<\/strong><\/p>\n\n<\/div><\/details><\/div>\n\n<div class=\"lightweight-accordion has-text-color has-background\"><details><summary class=\"lightweight-accordion-title\" style=\"color:#ffffff;background:#82b26e;\"><span>Leishmaniose &#8211; Ist diese Erkrankung ansteckend?<\/span><\/summary><div class=\"lightweight-accordion-body\" style=\"border-color:#82b26e;\">\n\n<p>&#8222;Der \u00dcbertragungsweg vom Tier auf den Menschen ist nicht genau bekannt. Es ist denkbar, dass Sandfliegen mit Leishmanien im Fell der Tiere nach Deutschland gelangen und Erreger \u00fcber einen Sandfliegenstich auf den Menschen \u00fcbertragen werden. Ein Tierhalter k\u00f6nnte sich auch anstecken, wenn ein erkrankter Hund ihn verletzt oder der Erreger \u00fcber offene Ekzeme beim Hund auf den Halter \u00fcbergeht. Kleine Kinder und immunsupprimierte Personen sollten keinen Kontakt zu an Leishmaniose erkrankten Hunden haben.<br>Die blutsaugenden Sandfliegen, die den Erreger \u00fcbertragen k\u00f6nnen, wurden bislang in Deutschland nur vereinzelt gefunden. Hierzulande geht das gr\u00f6\u00dfte Gef\u00e4hrdungspotential von Importhunden aus, das Risiko ist angesichts der geringen Erkrankungszahlen bei Menschen aber als sehr gering anzusehen.&#8220;<br>Quelle: <a href=\"https:\/\/www.rki.de\/SharedDocs\/FAQ\/Leishmaniose\/FAQ_Liste.html#:~:text=Der%20%C3%9Cbertragungsweg%20von%20Hund%20auf,auf%20den%20Menschen%20%C3%BCbertragen%20werden.\"><strong>Robert Koch Institut, Leishmaniose<\/strong><\/a><\/p>\n\n<\/div><\/details><\/div>","protected":false},"excerpt":{"rendered":"<p> <a class=\"continue-reading-link\" href=\"https:\/\/artemisiavet.de\/index.php\/anwendung_verteidigungsstrategie\/faq\/\"><span>Continue reading<\/span><i class=\"crycon-right-dir\"><\/i><\/a> <\/p>\n","protected":false},"author":3,"featured_media":0,"parent":2,"menu_order":0,"comment_status":"closed","ping_status":"closed","template":"templates\/template-onecolumn.php","meta":{"_monsterinsights_skip_tracking":false,"_monsterinsights_sitenote_active":false,"_monsterinsights_sitenote_note":"","_monsterinsights_sitenote_category":0,"footnotes":""},"class_list":["post-900","page","type-page","status-publish","hentry"],"_links":{"self":[{"href":"https:\/\/artemisiavet.de\/index.php\/wp-json\/wp\/v2\/pages\/900","targetHints":{"allow":["GET"]}}],"collection":[{"href":"https:\/\/artemisiavet.de\/index.php\/wp-json\/wp\/v2\/pages"}],"about":[{"href":"https:\/\/artemisiavet.de\/index.php\/wp-json\/wp\/v2\/types\/page"}],"author":[{"embeddable":true,"href":"https:\/\/artemisiavet.de\/index.php\/wp-json\/wp\/v2\/users\/3"}],"replies":[{"embeddable":true,"href":"https:\/\/artemisiavet.de\/index.php\/wp-json\/wp\/v2\/comments?post=900"}],"version-history":[{"count":6,"href":"https:\/\/artemisiavet.de\/index.php\/wp-json\/wp\/v2\/pages\/900\/revisions"}],"predecessor-version":[{"id":1096,"href":"https:\/\/artemisiavet.de\/index.php\/wp-json\/wp\/v2\/pages\/900\/revisions\/1096"}],"up":[{"embeddable":true,"href":"https:\/\/artemisiavet.de\/index.php\/wp-json\/wp\/v2\/pages\/2"}],"wp:attachment":[{"href":"https:\/\/artemisiavet.de\/index.php\/wp-json\/wp\/v2\/media?parent=900"}],"curies":[{"name":"wp","href":"https:\/\/api.w.org\/{rel}","templated":true}]}}